{"id":6567,"date":"2024-09-20T13:35:42","date_gmt":"2024-09-20T13:35:42","guid":{"rendered":"https:\/\/goldeneagle-ks.com\/?page_id=6567"},"modified":"2024-09-20T14:05:55","modified_gmt":"2024-09-20T14:05:55","slug":"forma-e-aplikacionit-per-burse","status":"publish","type":"page","link":"https:\/\/goldeneagle-ks.com\/sq\/forma-e-aplikacionit-per-burse\/","title":{"rendered":"Forma e Aplikacionit p\u00ebr Burs\u00eb"},"content":{"rendered":"<div data-elementor-type=\"wp-page\" data-elementor-id=\"6567\" class=\"elementor elementor-6567\">\n\t\t\t\t\t\t\t<div class=\"elementor-element elementor-element-8e6427c e-flex e-con-boxed wpr-particle-no wpr-jarallax-no wpr-parallax-no wpr-sticky-section-no e-con e-parent\" data-id=\"8e6427c\" data-element_type=\"container\" data-settings=\"{&quot;content_width&quot;:&quot;boxed&quot;}\" data-core-v316-plus=\"true\">\n\t\t\t\t\t<div class=\"e-con-inner\">\n\t\t\t\t<div class=\"elementor-element elementor-element-d595ac5 elementor-widget elementor-widget-html\" data-id=\"d595ac5\" data-element_type=\"widget\" data-widget_type=\"html.default\">\n\t\t\t\t<div class=\"elementor-widget-container\">\n\t\t\t<h2 id=\"form-heading\" class=\"wpforms-field-label\"><\/h2>\r\n<h2>Viti Akademik 2024\/2025<\/h2>\r\n\r\n\r\n<form action=\"\/wp-admin\/admin-post.php\" method=\"post\" enctype=\"multipart\/form-data\" data-trp-original-action=\"\/wp-admin\/admin-post.php\">\r\n    <!-- Hidden field to specify the action for admin-post.php -->\r\n    <input type=\"hidden\" name=\"action\" value=\"submit_form\">\r\n\r\n    <!-- T\u00cb DH\u00cbNAT PERSONALE -->\r\n    <h3>1. T\u00cb DH\u00cbNAT PERSONALE:<\/h3>\r\n    <div class=\"form-section\">\r\n        <label for=\"emri-mbiemri\">Emri dhe Mbiemri:<\/label>\r\n        <input type=\"text\" id=\"emri-mbiemri\" name=\"emri_mbiemri\" required>\r\n\r\n        <label for=\"data-lindjes\">Data e lindjes:<\/label>\r\n        <input type=\"date\" id=\"data-lindjes\" name=\"data_lindjes\" required>\r\n\r\n        <label for=\"vendi-lindjes\">Vendi i lindjes:<\/label>\r\n        <input type=\"text\" id=\"vendi-lindjes\" name=\"vendi_lindjes\" required>\r\n\r\n        <label for=\"qyteti\">Qyteti:<\/label>\r\n        <input type=\"text\" id=\"qyteti\" name=\"qyteti\" required>\r\n\r\n        <label for=\"adresa\">Adresa e plot\u00eb:<\/label>\r\n        <input type=\"text\" id=\"adresa\" name=\"adresa\" required>\r\n\r\n        <label for=\"email\">E-mail:<\/label>\r\n        <input type=\"email\" id=\"email\" name=\"email\" required>\r\n\r\n        <label for=\"numri-telefonit\">Numri i telefonit:<\/label>\r\n        <input type=\"tel\" id=\"numri-telefonit\" name=\"numri_telefonit\" required>\r\n    <\/div>\r\n\r\n    <!-- EDUKIMI -->\r\n    <h3>2. EDUKIMI:<\/h3>\r\n    <div class=\"form-section\">\r\n        <label for=\"shkolla-fillore\">Shkolla Fillore:<\/label>\r\n        <input type=\"text\" id=\"shkolla-fillore\" name=\"shkolla_fillore\" required>\r\n\r\n        <label for=\"suksesi-shkolla-fillore\">Suksesi i shkoll\u00ebs fillore:<\/label>\r\n        <input type=\"text\" id=\"suksesi-shkolla-fillore\" name=\"suksesi_shkolla_fillore\" required>\r\n\r\n        <label for=\"shkolla-mesme\">Shkolla e Mesme:<\/label>\r\n        <input type=\"text\" id=\"shkolla-mesme\" name=\"shkolla_mesme\" required>\r\n\r\n        <label for=\"suksesi-shkolla-mesme\">Suksesi i shkoll\u00ebs s\u00eb mesme:<\/label>\r\n        <input type=\"text\" id=\"suksesi-shkolla-mesme\" name=\"suksesi_shkolla_mesme\" required>\r\n\r\n        <label for=\"drejtimi-fakultet\">Drejtimi n\u00eb fakultet:<\/label>\r\n        <input type=\"text\" id=\"drejtimi-fakultet\" name=\"drejtimi_fakultet\" required>\r\n\r\n        <label for=\"viti\">Viti:<\/label>\r\n        <input type=\"text\" id=\"viti\" name=\"viti\" required>\r\n\r\n        <label for=\"nota-mesatare\">Nota mesatare:<\/label>\r\n        <input type=\"text\" id=\"nota-mesatare\" name=\"nota_mesatare\" required>\r\n    <\/div>\r\n\r\n    <!-- STATUSI EKONOMIK \u2013 SOCIAL -->\r\n    <h3>3. STATUSI EKONOMIK \u2013 SOCIAL:<\/h3>\r\n    <div class=\"form-section\">\r\n        <label for=\"jetoj-ne\">Jetoj n\u00eb:<\/label>\r\n        <input type=\"text\" id=\"jetoj-ne\" name=\"jetoj_ne\" required>\r\n\r\n        <label for=\"gjate-studimeve-jetoj-ne\">Gjat\u00eb studimeve jetoj n\u00eb:<\/label>\r\n        <input type=\"text\" id=\"gjate-studimeve-jetoj-ne\" name=\"gjate_studimeve_jetoj_ne\" required>\r\n\r\n        <!-- Changed to Select Dropdown -->\r\n        <label for=\"jetojme-asistence-sociale\">Jetojm\u00eb n\u00eb asistenc\u00eb sociale:<\/label>\r\n        <select id=\"jetojme-asistence-sociale\" name=\"jetojme_asistence_sociale\" required>\r\n            <option value=\"\">Zgjedhni nj\u00eb opsion<\/option>\r\n            <option value=\"Po\">Po<\/option>\r\n            <option value=\"Jo\">Jo<\/option>\r\n        <\/select>\r\n\r\n        <label for=\"numri-anetareve\">Numri i an\u00ebtar\u00ebve t\u00eb familjes:<\/label>\r\n        <input type=\"number\" id=\"numri-anetareve\" name=\"numri_anetareve\" required>\r\n\r\n        <label for=\"femije-anetare-mesim\">Sa f\u00ebmij\u00eb\/an\u00ebtar\u00eb vijojn\u00eb m\u00ebsimin e rregullt:<\/label>\r\n        <input type=\"number\" id=\"femije-anetare-mesim\" name=\"femije_anetare_mesim\" required>\r\n\r\n        <label for=\"arsyet\">N\u00eb rast se familja juaj nuk ka t\u00eb ardhura t\u00eb q\u00ebndrueshme mujore, si mbahet familja juaj:<\/label>\r\n        <textarea id=\"arsyet\" name=\"arsyet\" required><\/textarea>\r\n    <\/div>\r\n\r\n    <!-- File Upload Section -->\r\n    <h3>4. Dokumentet Shtes\u00eb:<\/h3>\r\n    <div class=\"form-section\">\r\n        <label for=\"diploma-shkolla\">Kopje e d\u00ebftes\u00ebs s\u00eb suksesit dhe diploma e shkoll\u00ebs s\u00eb mesme:<\/label>\r\n        <input type=\"file\" id=\"diploma-shkolla\" name=\"diploma_shkolla\" required>\r\n\r\n        <label for=\"deshmia-qendra-pune\">Kopjet e d\u00ebshmis\u00eb nga qendra p\u00ebr pun\u00eb dhe mir\u00ebqenie sociale:<\/label>\r\n        <input type=\"file\" id=\"deshmia-qendra-pune\" name=\"deshmia_qendra_pune\" required>\r\n\r\n        <label for=\"vertetim-fakultet\">V\u00ebrtetim i fakultetit:<\/label>\r\n        <input type=\"file\" id=\"vertetim-fakultet\" name=\"vertetim_fakultet\" required>\r\n    <\/div>\r\n\r\n    <!-- New Section 5 -->\r\n    <h3>5. Informacioni p\u00ebr Aplikim:<\/h3>\r\n    <div class=\"form-section\">\r\n        <label for=\"vendi-aplikimit\">Vendi i Aplikimit:<\/label>\r\n        <input type=\"text\" id=\"vendi-aplikimit\" name=\"vendi_aplikimit\" required>\r\n\r\n        <label for=\"data-aplikimit\">Data e Aplikimit:<\/label>\r\n        <input type=\"date\" id=\"data-aplikimit\" name=\"data_aplikimit\" required>\r\n\r\n        <label for=\"emri-aplikuesit\">Emri dhe mbiemri i aplikuesit:<\/label>\r\n        <input type=\"text\" id=\"emri-aplikuesit\" name=\"emri_aplikuesit\" required>\r\n    <\/div>\r\n\r\n    <!-- Pjesa e deklarates-->\r\n    <h3>DEKLARAT\u00cb NGA APLIKUESI:<\/h3>\r\n    <div class=\"form-section\">\r\n        <p>\r\n            Deklaroj me p\u00ebrgjegj\u00ebsi t\u00eb plot\u00eb se p\u00ebrgjigjet e mija n\u00eb pyetjet e parashtruara n\u00eb k\u00ebt\u00eb formular jan\u00eb t\u00eb sakta, komplete dhe korrekte.\r\n            Kuptoj q\u00eb prezantimi i gabuesh\u00ebm apo l\u00ebshimi material n\u00eb k\u00ebt\u00eb formular apo n\u00eb dokumentet e tjera t\u00eb k\u00ebrkuara nga \u201cFGE\u201d mund t\u00eb m\u00eb diskualifikoj\u00eb mua nga procesi i p\u00ebrzgjedhjes.\r\n            Kuptoj dhe pajtohem se n\u00ebse gjat\u00eb procesit t\u00eb p\u00ebrzgjedhjes, \u201cFGE\u201d gjen se nj\u00eb apo m\u00eb shum\u00eb informat\u00eb q\u00eb nuk \u00ebsht\u00eb e sakt\u00eb, at\u00ebher\u00eb \u201cFGE\u201d ka t\u00eb drejt\u00ebn e p\u00ebrjashtimit nga procesi pa ndonj\u00eb nevoj\u00eb p\u00ebr sqarim shtes\u00eb.\r\n            Deklaroj q\u00eb n\u00eb rast t\u00eb p\u00ebrzgjedhjes, do t\u00eb p\u00ebrkushtohem n\u00eb plot\u00ebsimin e gjith\u00eb p\u00ebrgjegj\u00ebsive t\u00eb mia si, duke p\u00ebrfshir\u00eb (por jo vet\u00ebm) ndjekjen e rregullt t\u00eb procesit m\u00ebsimor, angazhimin n\u00eb pun\u00eb vullnetare - aktivitetet n\u00eb shkoll\u00eb dhe komunitetin ku jetoj, dhe arritjen e rezultateve t\u00eb mira n\u00eb shkoll\u00eb.\r\n        <\/p>\r\n        <label for=\"agree\">\r\n            <input type=\"checkbox\" id=\"agree\" name=\"agree\" required> Jam dakord me deklarat\u00ebn e m\u00ebsip\u00ebrme\r\n        <\/label><br>\r\n    <\/div>\r\n\r\n    <input type=\"submit\" value=\"D\u00ebrgo aplikacionin\">\r\n<input type=\"hidden\" name=\"trp-form-language\" value=\"sq\"\/><\/form>\r\n<script>\r\n    function getQueryParam(param) {\r\n        const urlParams = new URLSearchParams(window.location.search);\r\n        return urlParams.get(param);\r\n    }\r\n\r\n    \/\/ Check if the \"status\" query parameter is \"success\"\r\n    if (getQueryParam('status') === 'success') {\r\n        \/\/ Change the heading to show a success message\r\n        document.getElementById('form-heading').innerText = 'Aplikimi juaj \u00ebsht\u00eb d\u00ebrguar me sukses!';\r\n    }\r\n<\/script>\r\n<style>\r\n    form {\r\n        max-width: 800px;\r\n        margin: 0 auto;\r\n    }\r\n\r\n    .form-section {\r\n        margin-bottom: 20px;\r\n    }\r\n\r\n    label {\r\n        display: block;\r\n        margin-top: 10px;\r\n    }\r\n\r\n    input[type=\"text\"],\r\n    input[type=\"email\"],\r\n    input[type=\"tel\"],\r\n    input[type=\"date\"],\r\n    input[type=\"number\"],\r\n    textarea,\r\n    input[type=\"file\"],\r\n    select {\r\n        width: 100%;\r\n        padding: 8px;\r\n        margin-top: 5px;\r\n    }\r\n\r\n    input[type=\"submit\"] {\r\n        padding: 10px 20px;\r\n        background-color: #0073e6;\r\n        color: white;\r\n        border: none;\r\n        cursor: pointer;\r\n    }\r\n\r\n    input[type=\"submit\"]:hover {\r\n        background-color: #005bb5;\r\n    }\r\n\r\n    .form-section h3 {\r\n        color: #333;\r\n    }\r\n\r\n    p {\r\n        font-size: 14px;\r\n        color: #555;\r\n    }\r\n    h2.wpforms-field-label {\r\n    color: green;\r\n    }\r\n<\/style>\r\n\t\t<\/div>\n\t\t\t\t<\/div>\n\t\t\t\t\t<\/div>\n\t\t\t\t<\/div>\n\t\t\t\t\t\t\t<\/div>","protected":false},"excerpt":{"rendered":"<p>Forma e Aplikacionit p\u00ebr Burs\u00eb &#8211; Viti Akademik 2024\/2025<\/p>","protected":false},"author":4,"featured_media":0,"parent":0,"menu_order":0,"comment_status":"closed","ping_status":"closed","template":"elementor_theme","meta":{"footnotes":""},"class_list":["post-6567","page","type-page","status-publish","hentry"],"_links":{"self":[{"href":"https:\/\/goldeneagle-ks.com\/sq\/wp-json\/wp\/v2\/pages\/6567","targetHints":{"allow":["GET"]}}],"collection":[{"href":"https:\/\/goldeneagle-ks.com\/sq\/wp-json\/wp\/v2\/pages"}],"about":[{"href":"https:\/\/goldeneagle-ks.com\/sq\/wp-json\/wp\/v2\/types\/page"}],"author":[{"embeddable":true,"href":"https:\/\/goldeneagle-ks.com\/sq\/wp-json\/wp\/v2\/users\/4"}],"replies":[{"embeddable":true,"href":"https:\/\/goldeneagle-ks.com\/sq\/wp-json\/wp\/v2\/comments?post=6567"}],"version-history":[{"count":49,"href":"https:\/\/goldeneagle-ks.com\/sq\/wp-json\/wp\/v2\/pages\/6567\/revisions"}],"predecessor-version":[{"id":6627,"href":"https:\/\/goldeneagle-ks.com\/sq\/wp-json\/wp\/v2\/pages\/6567\/revisions\/6627"}],"wp:attachment":[{"href":"https:\/\/goldeneagle-ks.com\/sq\/wp-json\/wp\/v2\/media?parent=6567"}],"curies":[{"name":"wp","href":"https:\/\/api.w.org\/{rel}","templated":true}]}}